{"id":2,"date":"2015-09-02T21:28:20","date_gmt":"2015-09-02T19:28:20","guid":{"rendered":"http:\/\/moana-faamu.fr\/moanafaamu\/?page_id=2"},"modified":"2021-02-08T15:24:13","modified_gmt":"2021-02-08T14:24:13","slug":"page-d-exemple","status":"publish","type":"page","link":"https:\/\/moana-faamu.fr\/moanafaamu\/?page_id=2","title":{"rendered":"Pr\u00e9sentation"},"content":{"rendered":"\t\t<div data-elementor-type=\"wp-post\" data-elementor-id=\"2\" class=\"elementor elementor-2\">\n\t\t\t\t\t\t<section class=\"elementor-section elementor-top-section elementor-element elementor-element-8b539f2 elementor-section-boxed elementor-section-height-default elementor-section-height-default\" data-id=\"8b539f2\" data-element_type=\"section\">\n\t\t\t\t\t\t<div class=\"elementor-container elementor-column-gap-default\">\n\t\t\t\t\t<div class=\"elementor-column elementor-col-100 elementor-top-column elementor-element elementor-element-200cffdc\" data-id=\"200cffdc\" data-element_type=\"column\">\n\t\t\t<div class=\"elementor-widget-wrap elementor-element-populated\">\n\t\t\t\t\t\t<div class=\"elementor-element elementor-element-2488cf70 elementor-widget elementor-widget-text-editor\" data-id=\"2488cf70\" data-element_type=\"widget\" data-widget_type=\"text-editor.default\">\n\t\t\t\t<div class=\"elementor-widget-container\">\n\t\t\t\t\t\t\t\t\t<p>Ia Orana e Maeva !<\/p><p>Je suis une amoureuse de la Polyn\u00e9sie et de toute la culture du Pacifique.<br \/>Pour partager avec d&rsquo;autres cette passion (et je sais que vous \u00eates nombreux), j&rsquo;ai cr\u00e9\u00e9 une association, appel\u00e9e l\u2019Association <strong><span style=\"color: #2c75ff;\">MOANA FA&rsquo;AMU<\/span><\/strong>.<\/p><div class=\"text_exposed_show\"><p>Cette association a pour but de promouvoir la <strong>Culture Polyn\u00e9sienne<\/strong> et du <strong>Pacifique<\/strong> \u00e0 travers l\u2019organisation de plusieurs activit\u00e9s telles que :<br \/>* Des cours de danses, de chants, de musiques, de langue ou d\u2019artisanats ;<br \/>* Des sorties diverses (Heiva de Paris, &#8230;) ;<br \/>* Des d\u00e9couvertes Gastronomiques ou Culturelles ;<br \/>* Des manifestations (bals, stages, spectacles, festivals \u2026).<\/p><p>Je suis preneuse de toutes les bonnes id\u00e9es ;o)<\/p><p>L\u2019Association <strong><span style=\"color: #2c75ff;\">Moana Fa&rsquo;Amu<\/span><\/strong> organise des cours de Ori Tahiti (danse tahitienne), des cours de Polynesian Fitness et des Ateliers d\u00e9couvertes de l&rsquo;artisanat polyn\u00e9sien au Gymnase David Douillet du Coudray-Montceaux (91).<\/p><p>N&rsquo;h\u00e9sitez \u00e0 consulter nos pages <a title=\"Cours de Danse\" href=\"https:\/\/moana-faamu.fr\/moanafaamu\/?page_id=2904\">Cours de Ori Tahiti (Danse Tahitienne)<\/a>\u00a0et\/ou <a title=\"Polynesian Fitness\" href=\"https:\/\/moana-faamu.fr\/moanafaamu\/?page_id=2743\">Polynesian Fitness<\/a> et\/ou Activit\u00e9s.<\/p><p>Je serai ravie de vous rencontrer tr\u00e8s prochainement pour partager avec vous cette passion.<br \/>A tr\u00e8s bient\u00f4t.<br \/>Nana.<\/p><p><strong><span style=\"color: #3366ff;\">Delphia<\/span><\/strong><\/p><\/div>\t\t\t\t\t\t\t\t<\/div>\n\t\t\t\t<\/div>\n\t\t\t\t\t<\/div>\n\t\t<\/div>\n\t\t\t\t\t<\/div>\n\t\t<\/section>\n\t\t\t\t<\/div>\n\t\t","protected":false},"excerpt":{"rendered":"<p>Ia Orana e Maeva ! Je suis une amoureuse de la Polyn\u00e9sie et de toute la culture du Pacifique. Pour partager avec d&rsquo;autres cette passion (et je sais que vous \u00eates nombreux), j&rsquo;ai cr\u00e9\u00e9 une association, appel\u00e9e l\u2019Association MOANA FA&rsquo;AMU. Cette association a pour but de promouvoir la Culture Polyn\u00e9sienne et du Pacifique \u00e0 travers [&hellip;]<\/p>\n","protected":false},"author":1,"featured_media":0,"parent":0,"menu_order":1,"comment_status":"closed","ping_status":"closed","template":"","meta":{"footnotes":""},"class_list":["post-2","page","type-page","status-publish","hentry"],"_links":{"self":[{"href":"https:\/\/moana-faamu.fr\/moanafaamu\/index.php?rest_route=\/wp\/v2\/pages\/2","targetHints":{"allow":["GET"]}}],"collection":[{"href":"https:\/\/moana-faamu.fr\/moanafaamu\/index.php?rest_route=\/wp\/v2\/pages"}],"about":[{"href":"https:\/\/moana-faamu.fr\/moanafaamu\/index.php?rest_route=\/wp\/v2\/types\/page"}],"author":[{"embeddable":true,"href":"https:\/\/moana-faamu.fr\/moanafaamu\/index.php?rest_route=\/wp\/v2\/users\/1"}],"replies":[{"embeddable":true,"href":"https:\/\/moana-faamu.fr\/moanafaamu\/index.php?rest_route=%2Fwp%2Fv2%2Fcomments&post=2"}],"version-history":[{"count":16,"href":"https:\/\/moana-faamu.fr\/moanafaamu\/index.php?rest_route=\/wp\/v2\/pages\/2\/revisions"}],"predecessor-version":[{"id":3523,"href":"https:\/\/moana-faamu.fr\/moanafaamu\/index.php?rest_route=\/wp\/v2\/pages\/2\/revisions\/3523"}],"wp:attachment":[{"href":"https:\/\/moana-faamu.fr\/moanafaamu\/index.php?rest_route=%2Fwp%2Fv2%2Fmedia&parent=2"}],"curies":[{"name":"wp","href":"https:\/\/api.w.org\/{rel}","templated":true}]}}