{"id":2904,"date":"2019-06-12T11:37:32","date_gmt":"2019-06-12T09:37:32","guid":{"rendered":"http:\/\/moana-faamu.fr\/moanafaamu\/?page_id=2904"},"modified":"2023-11-20T00:15:56","modified_gmt":"2023-11-19T23:15:56","slug":"les-cours-3","status":"publish","type":"page","link":"https:\/\/moana-faamu.fr\/moanafaamu\/?page_id=2904","title":{"rendered":"Danse Ori Tahiti"},"content":{"rendered":"\t\t<div data-elementor-type=\"wp-post\" data-elementor-id=\"2904\" class=\"elementor elementor-2904\">\n\t\t\t\t\t\t<section class=\"elementor-section elementor-top-section elementor-element elementor-element-5f719534 elementor-section-boxed elementor-section-height-default elementor-section-height-default\" data-id=\"5f719534\" data-element_type=\"section\">\n\t\t\t\t\t\t<div class=\"elementor-container elementor-column-gap-default\">\n\t\t\t\t\t<div class=\"elementor-column elementor-col-100 elementor-top-column elementor-element elementor-element-52a6ebb5\" data-id=\"52a6ebb5\" data-element_type=\"column\">\n\t\t\t<div class=\"elementor-widget-wrap elementor-element-populated\">\n\t\t\t\t\t\t<section class=\"elementor-section elementor-inner-section elementor-element elementor-element-a671279 elementor-section-boxed elementor-section-height-default elementor-section-height-default\" data-id=\"a671279\" data-element_type=\"section\">\n\t\t\t\t\t\t<div class=\"elementor-container elementor-column-gap-default\">\n\t\t\t\t\t<div class=\"elementor-column elementor-col-50 elementor-inner-column elementor-element elementor-element-7f075ab\" data-id=\"7f075ab\" data-element_type=\"column\">\n\t\t\t<div class=\"elementor-widget-wrap elementor-element-populated\">\n\t\t\t\t\t\t<div class=\"elementor-element elementor-element-faa18d2 elementor-widget elementor-widget-text-editor\" data-id=\"faa18d2\" data-element_type=\"widget\" data-widget_type=\"text-editor.default\">\n\t\t\t\t<div class=\"elementor-widget-container\">\n\t\t\t\t\t\t\t\t\t<p style=\"font-family: Roboto, sans-serif; font-size: 14px; font-style: normal; font-weight: 400;\">L&rsquo;association\u00a0<span style=\"font-weight: bold; font-size: 14px;\"><span style=\"font-size: 14px; color: #2c75ff;\">Moana Fa&rsquo;Amu<\/span><\/span> organise des cours de danses Tahitiennes, le Ori Tahiti, au Gymnase David Douillet du Coudray-Montceaux (91).<\/p><p>En voici le d\u00e9tail :<\/p><p style=\"font-family: Roboto, sans-serif; font-size: 14px; font-style: normal; font-weight: 400;\">* Le\u00a0<span style=\"font-weight: bold; font-size: 14px;\">Lundi<\/span>\u00a0\u00e0\u00a0<span style=\"font-weight: bold; font-size: 14px;\">19h30<\/span> &#8211; Cours de Ori Tahiti, danse tahitienne <span style=\"font-weight: bold; font-size: 14px;\">d\u00e9butant(e)s<\/span>\u00a0\u00a0<span style=\"font-weight: bold; font-size: 14px;\">(1h30).<br \/><\/span><span style=\"font-size: 14px;\">* Le<\/span><span style=\"font-weight: bold; font-size: 14px;\"> Mardi<\/span> <span style=\"font-size: 14px;\">\u00e0 <\/span><span style=\"font-weight: bold; font-size: 14px;\">19h30 <\/span><span style=\"font-size: 14px;\">&#8211; Cours <strong>mixte<\/strong> pour p<\/span><span style=\"font-size: 14px;\">r\u00e9parer de nos \u00e9v\u00e8nements<\/span><span style=\"font-weight: bold; font-size: 14px;\"> (1h).<br \/><\/span>* Le\u00a0<span style=\"font-weight: bold; font-size: 14px;\">Mercredi<\/span>\u00a0\u00e0\u00a0<span style=\"font-weight: bold; font-size: 14px;\">19h30<\/span> &#8211; Cours de Ori Tahiti, danse tahitienne <span style=\"font-weight: bold; font-size: 14px;\">confirm\u00e9(e)s<\/span>\u00a0<span style=\"font-weight: bold; font-size: 14px;\">(1h30).<\/span><br \/>* Le\u00a0<span style=\"font-weight: bold; font-size: 14px;\">Samedi<\/span>\u00a0\u00e0\u00a0<span style=\"font-weight: bold; font-size: 14px;\">13h30<\/span> &#8211; Cours de Ori Tahiti, danse tahitienne <span style=\"font-weight: bold; font-size: 14px;\">Enfants<\/span>\u00a0+5 ans -12 ans\u00a0<span style=\"font-weight: bold; font-size: 14px;\">(1h).<\/span><\/p><p style=\"font-family: Roboto, sans-serif; font-size: 14px; font-style: normal; font-weight: 400;\">Pour obtenir les tarifs, merci de <a href=\"mailto:moana.faamu@gmail.com\">nous consulter<\/a>.<\/p><p style=\"font-family: Roboto, sans-serif; font-size: 14px; font-style: normal; font-weight: 400;\">N&rsquo;h\u00e9sitez pas et venez essayer en profitant d&rsquo;un cours d&rsquo;essai gratuit pour tous.<\/p><p style=\"font-family: Roboto, sans-serif; font-size: 14px; font-style: normal; font-weight: 400;\">Faites passer le message autour de vous !<\/p>\t\t\t\t\t\t\t\t<\/div>\n\t\t\t\t<\/div>\n\t\t\t\t\t<\/div>\n\t\t<\/div>\n\t\t\t\t<div class=\"elementor-column elementor-col-50 elementor-inner-column elementor-element elementor-element-e2cb51e\" data-id=\"e2cb51e\" data-element_type=\"column\">\n\t\t\t<div class=\"elementor-widget-wrap elementor-element-populated\">\n\t\t\t\t\t\t<div class=\"elementor-element elementor-element-c9b1768 elementor-widget elementor-widget-text-editor\" data-id=\"c9b1768\" data-element_type=\"widget\" data-widget_type=\"text-editor.default\">\n\t\t\t\t<div class=\"elementor-widget-container\">\n\t\t\t\t\t\t\t\t\t<p style=\"text-align: center;\">Pour nous retrouver, suivez le plan.<\/p>\t\t\t\t\t\t\t\t<\/div>\n\t\t\t\t<\/div>\n\t\t\t\t<div class=\"elementor-element elementor-element-b6f6bec elementor-widget elementor-widget-google_maps\" data-id=\"b6f6bec\" data-element_type=\"widget\" data-widget_type=\"google_maps.default\">\n\t\t\t\t<div class=\"elementor-widget-container\">\n\t\t\t\t\t\t\t<div class=\"elementor-custom-embed\">\n\t\t\t<iframe loading=\"lazy\"\n\t\t\t\t\tsrc=\"https:\/\/maps.google.com\/maps?q=Gymnase%20David%20Douillet%20le%20coudray-montceaux&#038;t=m&#038;z=12&#038;output=embed&#038;iwloc=near\"\n\t\t\t\t\ttitle=\"Gymnase David Douillet le coudray-montceaux\"\n\t\t\t\t\taria-label=\"Gymnase David Douillet le coudray-montceaux\"\n\t\t\t><\/iframe>\n\t\t<\/div>\n\t\t\t\t\t\t<\/div>\n\t\t\t\t<\/div>\n\t\t\t\t\t<\/div>\n\t\t<\/div>\n\t\t\t\t\t<\/div>\n\t\t<\/section>\n\t\t\t\t\t<\/div>\n\t\t<\/div>\n\t\t\t\t\t<\/div>\n\t\t<\/section>\n\t\t\t\t<\/div>\n\t\t","protected":false},"excerpt":{"rendered":"<p>L&rsquo;association\u00a0Moana Fa&rsquo;Amu organise des cours de danses Tahitiennes, le Ori Tahiti, au Gymnase David Douillet du Coudray-Montceaux (91). En voici le d\u00e9tail : * Le\u00a0Lundi\u00a0\u00e0\u00a019h30 &#8211; Cours de Ori Tahiti, danse tahitienne d\u00e9butant(e)s\u00a0\u00a0(1h30).* Le Mardi \u00e0 19h30 &#8211; Cours mixte pour pr\u00e9parer de nos \u00e9v\u00e8nements (1h).* Le\u00a0Mercredi\u00a0\u00e0\u00a019h30 &#8211; Cours de Ori Tahiti, danse tahitienne confirm\u00e9(e)s\u00a0(1h30).* [&hellip;]<\/p>\n","protected":false},"author":1,"featured_media":0,"parent":0,"menu_order":2,"comment_status":"closed","ping_status":"closed","template":"","meta":{"footnotes":""},"class_list":["post-2904","page","type-page","status-publish","hentry"],"_links":{"self":[{"href":"https:\/\/moana-faamu.fr\/moanafaamu\/index.php?rest_route=\/wp\/v2\/pages\/2904","targetHints":{"allow":["GET"]}}],"collection":[{"href":"https:\/\/moana-faamu.fr\/moanafaamu\/index.php?rest_route=\/wp\/v2\/pages"}],"about":[{"href":"https:\/\/moana-faamu.fr\/moanafaamu\/index.php?rest_route=\/wp\/v2\/types\/page"}],"author":[{"embeddable":true,"href":"https:\/\/moana-faamu.fr\/moanafaamu\/index.php?rest_route=\/wp\/v2\/users\/1"}],"replies":[{"embeddable":true,"href":"https:\/\/moana-faamu.fr\/moanafaamu\/index.php?rest_route=%2Fwp%2Fv2%2Fcomments&post=2904"}],"version-history":[{"count":15,"href":"https:\/\/moana-faamu.fr\/moanafaamu\/index.php?rest_route=\/wp\/v2\/pages\/2904\/revisions"}],"predecessor-version":[{"id":3466,"href":"https:\/\/moana-faamu.fr\/moanafaamu\/index.php?rest_route=\/wp\/v2\/pages\/2904\/revisions\/3466"}],"wp:attachment":[{"href":"https:\/\/moana-faamu.fr\/moanafaamu\/index.php?rest_route=%2Fwp%2Fv2%2Fmedia&parent=2904"}],"curies":[{"name":"wp","href":"https:\/\/api.w.org\/{rel}","templated":true}]}}