{"id":3438,"date":"2023-11-19T23:21:58","date_gmt":"2023-11-19T22:21:58","guid":{"rendered":"https:\/\/moana-faamu.fr\/moanafaamu\/?page_id=3438"},"modified":"2025-01-20T18:42:14","modified_gmt":"2025-01-20T17:42:14","slug":"adherentes-2023-2024","status":"publish","type":"page","link":"https:\/\/moana-faamu.fr\/moanafaamu\/?page_id=3438","title":{"rendered":"Adh\u00e9rentes 2024\/2025"},"content":{"rendered":"\t\t<div data-elementor-type=\"wp-post\" data-elementor-id=\"3438\" class=\"elementor elementor-3438\">\n\t\t\t\t\t\t<section class=\"elementor-section elementor-top-section elementor-element elementor-element-7a9de57e elementor-section-boxed elementor-section-height-default elementor-section-height-default\" data-id=\"7a9de57e\" data-element_type=\"section\">\n\t\t\t\t\t\t<div class=\"elementor-container elementor-column-gap-default\">\n\t\t\t\t\t<div class=\"elementor-column elementor-col-100 elementor-top-column elementor-element elementor-element-556af86b\" data-id=\"556af86b\" data-element_type=\"column\">\n\t\t\t<div class=\"elementor-widget-wrap elementor-element-populated\">\n\t\t\t\t\t\t<div class=\"elementor-element elementor-element-23e7ea12 elementor-widget elementor-widget-text-editor\" data-id=\"23e7ea12\" data-element_type=\"widget\" data-widget_type=\"text-editor.default\">\n\t\t\t\t<div class=\"elementor-widget-container\">\n\t\t\t\t\t\t\t\t\t<p><\/p>\n<p>Ia Orana,<\/p>\n<p><\/p>\n<p>Dans cette section, vous trouverez le r\u00e9sum\u00e9 de nos chor\u00e9graphies pour la <strong style=\"color: #3366ff;\">Saison 2024\/2025<\/strong>.<\/p>\n<p>Voici cependant, quelques petites r\u00e8gles d&rsquo;utilisation :<\/p>\n<p><\/p>\n<p><\/p>\n<ul class=\"wp-block-list\">\n<li style=\"list-style-type: none;\">\n<ul>\n<li>Tout ce qui se trouve dans cette rubrique (musique, image, vid\u00e9o ou tout autre support) <span style=\"text-decoration: underline;\">doit rester sur ce site<\/span> et ne doit \u00eatre utilis\u00e9 qu&rsquo;\u00e0 titre priv\u00e9.<br \/>A d\u00e9faut l&rsquo;association se r\u00e9serve le droit de suspendre \u00e0 tout moment les acc\u00e8s \u00e0 cette rubrique.<\/li>\n<li>Pour acc\u00e9der \u00e0 cette section, un mot de passe vous a \u00e9t\u00e9 personnellement communiqu\u00e9. Il ne doit <span style=\"text-decoration: underline;\">en aucun cas \u00eatre communiqu\u00e9<\/span> \u00e0 une autre personne, m\u00eame si celle-ci fait partie de l&rsquo;association.<\/li>\n<li>Il y a une section <b style=\"color: #fa1aff;\">D\u00e9butante <\/b>et une section <b style=\"color: #33ccff;\">Confirm\u00e9e<\/b>. Nous vous invitons ardemment \u00e0 respecter votre section.<\/li>\n<li>Elle est destin\u00e9e \u00e0 vous aider \u00e0 r\u00e9viser apr\u00e8s avoir vu la chor\u00e9graphie durant un cours, <u>pas \u00e0 apprendre cette dite chor\u00e9graphie<\/u>. <br \/>Sauf exception valid\u00e9e par les responsables de l&rsquo;association, il n&rsquo;est pas conseill\u00e9 d&rsquo;apprendre seul(e) une chor\u00e9graphie.<\/li>\n<li>Si un lien ne fonctionnait pas correctement ou si vous n&rsquo;avez pas encore de mot de passe, d&rsquo;avance merci de votre aide en le signalant, cordialement, \u00e0 l&rsquo;adresse : <a href=\"mailto:moana.faamu@gmail.com\">moana.faamu@gmail.com<\/a><\/li>\n<\/ul>\n<\/li>\n<\/ul>\n<p><\/p>\n<p>Pour toutes questions ou remarques, n&rsquo;h\u00e9sitez pas \u00e0 contacter l&rsquo;administrateur \u00e0 l&rsquo;adresse <a href=\"mailto:moana.faamu@gmail.com\">moana.faamu@gmail.com<\/a>.<\/p>\n<p>A vous de jouer !<\/p>\n<p><\/p>\n<p><\/p>\n<p><\/p>\n<p><\/p>\t\t\t\t\t\t\t\t<\/div>\n\t\t\t\t<\/div>\n\t\t\t\t\t<\/div>\n\t\t<\/div>\n\t\t\t\t\t<\/div>\n\t\t<\/section>\n\t\t\t\t<section class=\"elementor-section elementor-top-section elementor-element elementor-element-ed6a1c6 elementor-section-boxed elementor-section-height-default elementor-section-height-default\" data-id=\"ed6a1c6\" data-element_type=\"section\">\n\t\t\t\t\t\t<div class=\"elementor-container elementor-column-gap-default\">\n\t\t\t\t\t<div class=\"elementor-column elementor-col-50 elementor-top-column elementor-element elementor-element-787f383\" data-id=\"787f383\" data-element_type=\"column\">\n\t\t\t<div class=\"elementor-widget-wrap elementor-element-populated\">\n\t\t\t\t\t\t<div class=\"elementor-element elementor-element-fc59f36 elementor-widget elementor-widget-heading\" data-id=\"fc59f36\" data-element_type=\"widget\" data-widget_type=\"heading.default\">\n\t\t\t\t<div class=\"elementor-widget-container\">\n\t\t\t\t\t<h2 class=\"elementor-heading-title elementor-size-default\"><a href=\"https:\/\/moana-faamu.fr\/moanafaamu\/?page_id=3486\">Section<br>D\u00e9butant(e)s<\/a><\/h2>\t\t\t\t<\/div>\n\t\t\t\t<\/div>\n\t\t\t\t\t<\/div>\n\t\t<\/div>\n\t\t\t\t<div class=\"elementor-column elementor-col-50 elementor-top-column elementor-element elementor-element-a4bcbe5\" data-id=\"a4bcbe5\" data-element_type=\"column\">\n\t\t\t<div class=\"elementor-widget-wrap elementor-element-populated\">\n\t\t\t\t\t\t<div class=\"elementor-element elementor-element-c64773a elementor-widget elementor-widget-heading\" data-id=\"c64773a\" data-element_type=\"widget\" data-widget_type=\"heading.default\">\n\t\t\t\t<div class=\"elementor-widget-container\">\n\t\t\t\t\t<h2 class=\"elementor-heading-title elementor-size-default\"><a href=\"https:\/\/moana-faamu.fr\/moanafaamu\/?page_id=3429\">Section<br>Confirm\u00e9(e)s<\/a><\/h2>\t\t\t\t<\/div>\n\t\t\t\t<\/div>\n\t\t\t\t\t<\/div>\n\t\t<\/div>\n\t\t\t\t\t<\/div>\n\t\t<\/section>\n\t\t\t\t<section class=\"elementor-section elementor-top-section elementor-element elementor-element-8333ccf elementor-section-boxed elementor-section-height-default elementor-section-height-default\" data-id=\"8333ccf\" data-element_type=\"section\">\n\t\t\t\t\t\t<div class=\"elementor-container elementor-column-gap-default\">\n\t\t\t\t\t<div class=\"elementor-column elementor-col-100 elementor-top-column elementor-element elementor-element-efcebba\" data-id=\"efcebba\" data-element_type=\"column\">\n\t\t\t<div class=\"elementor-widget-wrap elementor-element-populated\">\n\t\t\t\t\t\t<div class=\"elementor-element elementor-element-b6893d8 elementor-widget elementor-widget-heading\" data-id=\"b6893d8\" data-element_type=\"widget\" data-widget_type=\"heading.default\">\n\t\t\t\t<div class=\"elementor-widget-container\">\n\t\t\t\t\t<h3 class=\"elementor-heading-title elementor-size-default\"><a href=\"https:\/\/moana-faamu.fr\/moanafaamu\/?page_id=3202\">Section <br>Staff Moana Fa'Amu<\/a><\/h3>\t\t\t\t<\/div>\n\t\t\t\t<\/div>\n\t\t\t\t\t<\/div>\n\t\t<\/div>\n\t\t\t\t\t<\/div>\n\t\t<\/section>\n\t\t\t\t<\/div>\n\t\t","protected":false},"excerpt":{"rendered":"<p>Ia Orana, Dans cette section, vous trouverez le r\u00e9sum\u00e9 de nos chor\u00e9graphies pour la Saison 2024\/2025. Voici cependant, quelques petites r\u00e8gles d&rsquo;utilisation : Tout ce qui se trouve dans cette rubrique (musique, image, vid\u00e9o ou tout autre support) doit rester sur ce site et ne doit \u00eatre utilis\u00e9 qu&rsquo;\u00e0 titre priv\u00e9.A d\u00e9faut l&rsquo;association se r\u00e9serve [&hellip;]<\/p>\n","protected":false},"author":1,"featured_media":0,"parent":0,"menu_order":4,"comment_status":"closed","ping_status":"closed","template":"","meta":{"footnotes":""},"class_list":["post-3438","page","type-page","status-publish","hentry"],"_links":{"self":[{"href":"https:\/\/moana-faamu.fr\/moanafaamu\/index.php?rest_route=\/wp\/v2\/pages\/3438","targetHints":{"allow":["GET"]}}],"collection":[{"href":"https:\/\/moana-faamu.fr\/moanafaamu\/index.php?rest_route=\/wp\/v2\/pages"}],"about":[{"href":"https:\/\/moana-faamu.fr\/moanafaamu\/index.php?rest_route=\/wp\/v2\/types\/page"}],"author":[{"embeddable":true,"href":"https:\/\/moana-faamu.fr\/moanafaamu\/index.php?rest_route=\/wp\/v2\/users\/1"}],"replies":[{"embeddable":true,"href":"https:\/\/moana-faamu.fr\/moanafaamu\/index.php?rest_route=%2Fwp%2Fv2%2Fcomments&post=3438"}],"version-history":[{"count":14,"href":"https:\/\/moana-faamu.fr\/moanafaamu\/index.php?rest_route=\/wp\/v2\/pages\/3438\/revisions"}],"predecessor-version":[{"id":3494,"href":"https:\/\/moana-faamu.fr\/moanafaamu\/index.php?rest_route=\/wp\/v2\/pages\/3438\/revisions\/3494"}],"wp:attachment":[{"href":"https:\/\/moana-faamu.fr\/moanafaamu\/index.php?rest_route=%2Fwp%2Fv2%2Fmedia&parent=3438"}],"curies":[{"name":"wp","href":"https:\/\/api.w.org\/{rel}","templated":true}]}}